{"id":65,"date":"2022-10-18T13:07:06","date_gmt":"2022-10-18T16:07:06","guid":{"rendered":"https:\/\/atomic-temporary-210541827.wpcomstaging.com\/?page_id=65"},"modified":"2022-10-18T13:07:06","modified_gmt":"2022-10-18T16:07:06","slug":"escritorio-de-advocacia","status":"publish","type":"page","link":"https:\/\/arseliadvocacia.com.br\/","title":{"rendered":"Escrit\u00f3rio de Advocacia &#8211; Arseli Advocacia"},"content":{"rendered":"<p><a href=\"#\">Arseli AdvocaciaNosso compromisso \u00e9 proporcionar orienta\u00e7\u00e3o jur\u00eddica confi\u00e1vel e representa\u00e7\u00e3o excepcional, garantindo que nossos clientes recebam a aten\u00e7\u00e3o e a expertise que merecem.<\/a>\t\t\t\t<\/p>\n<figure><img fetchpriority=\"high\" decoding=\"async\" width=\"512\" height=\"512\" src=\"https:\/\/arseliadvocacia.wordpress.com\/wp-content\/uploads\/2024\/10\/7f9d0-icone-agilidade-1.png\" alt=\"Arseli Advocacia em Hortol\u00e2ndia e regi\u00e3o\" \/><\/figure>\n<h3>Agilidade<\/h3>\n<p>Rapidez e efici\u00eancia na solu\u00e7\u00e3o dos casos.<\/p>\n<figure><img decoding=\"async\" width=\"512\" height=\"512\" src=\"https:\/\/arseliadvocacia.wordpress.com\/wp-content\/uploads\/2024\/10\/73606-icone-expertise-1.png\" alt=\"Arseli Advocacia em Hortol\u00e2ndia e regi\u00e3o\" \/><\/figure>\n<h3>Expertise<\/h3>\n<p> Com dedica\u00e7\u00e3o e estudo constante, oferecemos solu\u00e7\u00f5es jur\u00eddicas eficazes.\u200b<\/p>\n<figure><img decoding=\"async\" width=\"512\" height=\"512\" src=\"https:\/\/arseliadvocacia.wordpress.com\/wp-content\/uploads\/2024\/10\/0684c-icone-transparencia-1.png\" alt=\"Arseli Advocacia em Hortol\u00e2ndia e regi\u00e3o\" \/><\/figure>\n<h3>Transpar\u00eancia <\/h3>\n<p>Comunica\u00e7\u00e3o clara em todas as etapas do processo.<\/p>\n<h2>Escrit\u00f3rio de Advocacia Arseli Advocacia<\/h2>\n<h2>Quem Somos<\/h2>\n<p>Fundado pelo advogado\u00a0 <strong>Gustavo Arseli,<\/strong> formado pela <strong>PUC-Campinas<\/strong>; especialista em Direito Tribut\u00e1rio; Direito Civil e Consumidor.\u00a0 O escrit\u00f3rio tem como miss\u00e3o\u00a0 oferecer servi\u00e7os jur\u00eddicos personalizados, apoiados\u00a0 pela transpar\u00eancia, \u00e9tica, comprometimento e excel\u00eancia.<\/p>\n<p>Nossa especializa\u00e7\u00e3o no intricado sistema tribut\u00e1rio nos permite fornecer aconselhamento s\u00f3lido e estrat\u00e9gias eficazes, garantindo a conformidade e otimizando a carga tribut\u00e1ria de nossos clientes.<\/p>\n<p>Dedicamo-nos incansavelmente a proteger os direitos dos consumidores, buscando\u00a0 a repara\u00e7\u00e3o justa em casos de pr\u00e1ticas comerciais abusivas, produtos defeituosos e outras quest\u00f5es relacionadas ao consumo.<\/p>\n<p>Em quest\u00f5es civis, desde lit\u00edgios at\u00e9 contratos e responsabilidade civil, aplicamos nossa habilidade e expertise para proteger os interesses de nossos clientes de forma assertiva.<\/p>\n<p>Localizado estrategicamente em Hortol\u00e2ndia\/SP, nosso escrit\u00f3rio oferece conveni\u00eancia de acesso e atendimento personalizado para nossos clientes.<\/p>\n<p>Estamos firmemente comprometidos em fornecer servi\u00e7os jur\u00eddicos de qualidade, adaptados \u00e0s necessidades espec\u00edficas de cada cliente que confia em nossa experi\u00eancia<\/p>\n<p>\t\t\t\t\t\t\t\t\t\t\t\t\t<img loading=\"lazy\" decoding=\"async\" width=\"684\" height=\"1024\" src=\"https:\/\/arseliadvocacia.wordpress.com\/wp-content\/uploads\/2024\/10\/0958e-gustavo-arseli-advogado.jpg?w=684&#038;h=1024\" alt=\"Gustavo Arseli - Escrit\u00f3rio de Advocacia\" \/>\t\t\t\t\t\t\t\t\t\t\t\t\t<\/p>\n<figure><img loading=\"lazy\" decoding=\"async\" width=\"512\" height=\"512\" src=\"https:\/\/arseliadvocacia.wordpress.com\/wp-content\/uploads\/2024\/10\/e741a-icone-missao.png\" alt=\"Arseli Advocacia em Hortol\u00e2ndia e regi\u00e3o\" \/><\/figure>\n<h3>Miss\u00e3o<\/h3>\n<p>Nosso prop\u00f3sito \u00e9 oferecer excel\u00eancia jur\u00eddica, construindo la\u00e7os duradouros com nossos clientes e promovendo seu crescimento atrav\u00e9s de solu\u00e7\u00f5es legais inovadoras e personalizadas.<\/p>\n<figure><img loading=\"lazy\" decoding=\"async\" width=\"512\" height=\"512\" src=\"https:\/\/arseliadvocacia.wordpress.com\/wp-content\/uploads\/2024\/10\/dcef2-icone-visao.png\" alt=\"Arseli Advocacia em Hortol\u00e2ndia e regi\u00e3o\" \/><\/figure>\n<h3>Vis\u00e3o<\/h3>\n<p>Nosso escrit\u00f3rio \u00e9 guiado pela integridade, dedica\u00e7\u00e3o e responsabilidade em todas as \u00e1reas da pr\u00e1tica jur\u00eddica. Visualizamos um futuro onde nossa \u00e9tica e compromisso s\u00e3o reconhecidos como pilares essenciais para o sucesso de nossos clientes e comunidade.<\/p>\n<figure><img loading=\"lazy\" decoding=\"async\" width=\"512\" height=\"512\" src=\"https:\/\/arseliadvocacia.wordpress.com\/wp-content\/uploads\/2024\/10\/7104f-icone-valores.png\" alt=\"Arseli Advocacia em Hortol\u00e2ndia e regi\u00e3o\" \/><\/figure>\n<h3>Valores<\/h3>\n<p>Na ess\u00eancia de nosso trabalho, encontram-se os valores fundamentais que nos definem: Integridade, dedica\u00e7\u00e3o, responsabilidade e Confian\u00e7a.\n<\/p>\n<h3>Escrit\u00f3rio de Advocacia Arseli Advocacia<\/h3>\n<h2>\u00c1rea de Atua\u00e7\u00e3o<\/h2>\n<p>Oferecemos uma ampla gama de servi\u00e7os jur\u00eddicos personalizados para atender \u00e0s suas necessidades.<\/p>\n<h2>Escrit\u00f3rio de Advocacia Arseli Advocacia<\/h2>\n<h2>Contato<\/h2>\n<p>Ficou interessado? Queremos entender seu caso!<\/p>\n<h4>Canais de contato:<\/h4>\n<ul>\n<li>\n\t\t\t\t\t\t\t\t\t\tgustavo@arseliadvocacia.com.br\n\t\t\t\t\t\t\t\t\t<\/li>\n<li>\n\t\t\t\t\t\t\t\t\t\t+55 (19) 98290-6903\n\t\t\t\t\t\t\t\t\t<\/li>\n<li>\n\t\t\t\t\t\t\t\t\t\t+55 (19) 98290-6903\n\t\t\t\t\t\t\t\t\t<\/li>\n<\/ul>\n<h4>Endere\u00e7o:<\/h4>\n<ul>\n<li>\n\t\t\t\t\t\t\t\t\t\tAv. Santana, 857 &#8211; sala 20 &#8211; Parque Ortol\u00e2ndia, Hortol\u00e2ndia &#8211; SP, 13184-210\n\t\t\t\t\t\t\t\t\t<\/li>\n<\/ul>\n<p>\t\t\t\t\t\t\t\t\t\t\t\t\t<img loading=\"lazy\" decoding=\"async\" width=\"500\" height=\"231\" src=\"https:\/\/arseliadvocacia.wordpress.com\/wp-content\/uploads\/2024\/10\/59ce2-logo-1.png\" alt=\"arseli advocacia\" \/>\t\t\t\t\t\t\t\t\t\t\t\t\t<\/p>\n<p>\u00a9 Copyright 2022 &#8211; Arseli Advocacia &#8211; Todos os direitos reservados<\/p>\n","protected":false},"excerpt":{"rendered":"<p>Arseli AdvocaciaNosso compromisso \u00e9 proporcionar orienta\u00e7\u00e3o jur\u00eddica confi\u00e1vel e representa\u00e7\u00e3o excepcional, garantindo que nossos clientes recebam a aten\u00e7\u00e3o e a expertise que merecem. Agilidade Rapidez e efici\u00eancia na solu\u00e7\u00e3o dos casos. Expertise Com dedica\u00e7\u00e3o e estudo constante, oferecemos solu\u00e7\u00f5es jur\u00eddicas eficazes.\u200b Transpar\u00eancia Comunica\u00e7\u00e3o clara em todas as etapas do processo. Escrit\u00f3rio de Advocacia Arseli Advocacia [&hellip;]<\/p>\n","protected":false},"author":1,"featured_media":64,"parent":0,"menu_order":0,"comment_status":"closed","ping_status":"closed","template":"elementor_header_footer","meta":{"footnotes":""},"class_list":["post-65","page","type-page","status-publish","has-post-thumbnail","hentry"],"yoast_head":"<!-- This site is optimized with the Yoast SEO plugin v24.8.1 - https:\/\/yoast.com\/wordpress\/plugins\/seo\/ -->\n<title>Escrit\u00f3rio de Advocacia - Arseli Advocacia - arseliadvocacia.com.br<\/title>\n<meta name=\"robots\" content=\"index, follow, max-snippet:-1, max-image-preview:large, max-video-preview:-1\" \/>\n<link rel=\"canonical\" href=\"https:\/\/arseliadvocacia.com.br\/\" \/>\n<meta property=\"og:locale\" content=\"pt_BR\" \/>\n<meta property=\"og:type\" content=\"article\" \/>\n<meta property=\"og:title\" content=\"Escrit\u00f3rio de Advocacia - Arseli Advocacia - arseliadvocacia.com.br\" \/>\n<meta property=\"og:description\" content=\"Arseli AdvocaciaNosso compromisso \u00e9 proporcionar orienta\u00e7\u00e3o jur\u00eddica confi\u00e1vel e representa\u00e7\u00e3o excepcional, garantindo que nossos clientes recebam a aten\u00e7\u00e3o e a expertise que merecem. Agilidade Rapidez e efici\u00eancia na solu\u00e7\u00e3o dos casos. Expertise Com dedica\u00e7\u00e3o e estudo constante, oferecemos solu\u00e7\u00f5es jur\u00eddicas eficazes.\u200b Transpar\u00eancia Comunica\u00e7\u00e3o clara em todas as etapas do processo. Escrit\u00f3rio de Advocacia Arseli Advocacia [&hellip;]\" \/>\n<meta property=\"og:url\" content=\"https:\/\/arseliadvocacia.com.br\/\" \/>\n<meta property=\"og:site_name\" content=\"arseliadvocacia.com.br\" \/>\n<meta name=\"twitter:card\" content=\"summary_large_image\" \/>\n<meta name=\"twitter:label1\" content=\"Est. tempo de leitura\" \/>\n\t<meta name=\"twitter:data1\" content=\"6 minutos\" \/>\n<script type=\"application\/ld+json\" class=\"yoast-schema-graph\">{\"@context\":\"https:\/\/schema.org\",\"@graph\":[{\"@type\":\"WebPage\",\"@id\":\"https:\/\/arseliadvocacia.com.br\/\",\"url\":\"https:\/\/arseliadvocacia.com.br\/\",\"name\":\"Escrit\u00f3rio de Advocacia - Arseli Advocacia - arseliadvocacia.com.br\",\"isPartOf\":{\"@id\":\"https:\/\/arseliadvocacia.com.br\/#website\"},\"primaryImageOfPage\":{\"@id\":\"https:\/\/arseliadvocacia.com.br\/#primaryimage\"},\"image\":{\"@id\":\"https:\/\/arseliadvocacia.com.br\/#primaryimage\"},\"thumbnailUrl\":\"\",\"datePublished\":\"2022-10-18T16:07:06+00:00\",\"breadcrumb\":{\"@id\":\"https:\/\/arseliadvocacia.com.br\/#breadcrumb\"},\"inLanguage\":\"pt-BR\",\"potentialAction\":[{\"@type\":\"ReadAction\",\"target\":[\"https:\/\/arseliadvocacia.com.br\/\"]}]},{\"@type\":\"ImageObject\",\"inLanguage\":\"pt-BR\",\"@id\":\"https:\/\/arseliadvocacia.com.br\/#primaryimage\",\"url\":\"\",\"contentUrl\":\"\"},{\"@type\":\"BreadcrumbList\",\"@id\":\"https:\/\/arseliadvocacia.com.br\/#breadcrumb\",\"itemListElement\":[{\"@type\":\"ListItem\",\"position\":1,\"name\":\"Home\",\"item\":\"https:\/\/arseliadvocacia.com.br\/\"},{\"@type\":\"ListItem\",\"position\":2,\"name\":\"Escrit\u00f3rio de Advocacia &#8211; Arseli Advocacia\"}]},{\"@type\":\"WebSite\",\"@id\":\"https:\/\/arseliadvocacia.com.br\/#website\",\"url\":\"https:\/\/arseliadvocacia.com.br\/\",\"name\":\"arseliadvocacia.com.br\",\"description\":\"\",\"potentialAction\":[{\"@type\":\"SearchAction\",\"target\":{\"@type\":\"EntryPoint\",\"urlTemplate\":\"https:\/\/arseliadvocacia.com.br\/?s={search_term_string}\"},\"query-input\":{\"@type\":\"PropertyValueSpecification\",\"valueRequired\":true,\"valueName\":\"search_term_string\"}}],\"inLanguage\":\"pt-BR\"}]}<\/script>\n<!-- \/ Yoast SEO plugin. -->","yoast_head_json":{"title":"Escrit\u00f3rio de Advocacia - Arseli Advocacia - arseliadvocacia.com.br","robots":{"index":"index","follow":"follow","max-snippet":"max-snippet:-1","max-image-preview":"max-image-preview:large","max-video-preview":"max-video-preview:-1"},"canonical":"https:\/\/arseliadvocacia.com.br\/","og_locale":"pt_BR","og_type":"article","og_title":"Escrit\u00f3rio de Advocacia - Arseli Advocacia - arseliadvocacia.com.br","og_description":"Arseli AdvocaciaNosso compromisso \u00e9 proporcionar orienta\u00e7\u00e3o jur\u00eddica confi\u00e1vel e representa\u00e7\u00e3o excepcional, garantindo que nossos clientes recebam a aten\u00e7\u00e3o e a expertise que merecem. Agilidade Rapidez e efici\u00eancia na solu\u00e7\u00e3o dos casos. Expertise Com dedica\u00e7\u00e3o e estudo constante, oferecemos solu\u00e7\u00f5es jur\u00eddicas eficazes.\u200b Transpar\u00eancia Comunica\u00e7\u00e3o clara em todas as etapas do processo. Escrit\u00f3rio de Advocacia Arseli Advocacia [&hellip;]","og_url":"https:\/\/arseliadvocacia.com.br\/","og_site_name":"arseliadvocacia.com.br","twitter_card":"summary_large_image","twitter_misc":{"Est. tempo de leitura":"6 minutos"},"schema":{"@context":"https:\/\/schema.org","@graph":[{"@type":"WebPage","@id":"https:\/\/arseliadvocacia.com.br\/","url":"https:\/\/arseliadvocacia.com.br\/","name":"Escrit\u00f3rio de Advocacia - Arseli Advocacia - arseliadvocacia.com.br","isPartOf":{"@id":"https:\/\/arseliadvocacia.com.br\/#website"},"primaryImageOfPage":{"@id":"https:\/\/arseliadvocacia.com.br\/#primaryimage"},"image":{"@id":"https:\/\/arseliadvocacia.com.br\/#primaryimage"},"thumbnailUrl":"","datePublished":"2022-10-18T16:07:06+00:00","breadcrumb":{"@id":"https:\/\/arseliadvocacia.com.br\/#breadcrumb"},"inLanguage":"pt-BR","potentialAction":[{"@type":"ReadAction","target":["https:\/\/arseliadvocacia.com.br\/"]}]},{"@type":"ImageObject","inLanguage":"pt-BR","@id":"https:\/\/arseliadvocacia.com.br\/#primaryimage","url":"","contentUrl":""},{"@type":"BreadcrumbList","@id":"https:\/\/arseliadvocacia.com.br\/#breadcrumb","itemListElement":[{"@type":"ListItem","position":1,"name":"Home","item":"https:\/\/arseliadvocacia.com.br\/"},{"@type":"ListItem","position":2,"name":"Escrit\u00f3rio de Advocacia &#8211; Arseli Advocacia"}]},{"@type":"WebSite","@id":"https:\/\/arseliadvocacia.com.br\/#website","url":"https:\/\/arseliadvocacia.com.br\/","name":"arseliadvocacia.com.br","description":"","potentialAction":[{"@type":"SearchAction","target":{"@type":"EntryPoint","urlTemplate":"https:\/\/arseliadvocacia.com.br\/?s={search_term_string}"},"query-input":{"@type":"PropertyValueSpecification","valueRequired":true,"valueName":"search_term_string"}}],"inLanguage":"pt-BR"}]}},"_links":{"self":[{"href":"https:\/\/arseliadvocacia.com.br\/index.php?rest_route=\/wp\/v2\/pages\/65","targetHints":{"allow":["GET"]}}],"collection":[{"href":"https:\/\/arseliadvocacia.com.br\/index.php?rest_route=\/wp\/v2\/pages"}],"about":[{"href":"https:\/\/arseliadvocacia.com.br\/index.php?rest_route=\/wp\/v2\/types\/page"}],"author":[{"embeddable":true,"href":"https:\/\/arseliadvocacia.com.br\/index.php?rest_route=\/wp\/v2\/users\/1"}],"replies":[{"embeddable":true,"href":"https:\/\/arseliadvocacia.com.br\/index.php?rest_route=%2Fwp%2Fv2%2Fcomments&post=65"}],"version-history":[{"count":0,"href":"https:\/\/arseliadvocacia.com.br\/index.php?rest_route=\/wp\/v2\/pages\/65\/revisions"}],"wp:featuredmedia":[{"embeddable":true,"href":"https:\/\/arseliadvocacia.com.br\/index.php?rest_route=\/"}],"wp:attachment":[{"href":"https:\/\/arseliadvocacia.com.br\/index.php?rest_route=%2Fwp%2Fv2%2Fmedia&parent=65"}],"curies":[{"name":"wp","href":"https:\/\/api.w.org\/{rel}","templated":true}]}}